{"id":18,"date":"2022-05-28T03:39:27","date_gmt":"2022-05-28T03:39:27","guid":{"rendered":"http:\/\/ciencianews.in\/?page_id=18"},"modified":"2022-05-29T01:51:07","modified_gmt":"2022-05-29T01:51:07","slug":"contacto","status":"publish","type":"page","link":"https:\/\/ciencianews.in\/index.php\/contacto\/","title":{"rendered":"Contacto"},"content":{"rendered":"\n<p>Cont\u00e1ctanos con tus noticias de ciencia, publica gratis.<br>Noticias de desarrollo tecnol\u00f3gico industrial, publicaci\u00f3n econ\u00f3mica.<br><br><br>Whatsapp: +525516287944<br>Email: editorial@ciencianews.in  <br>&#8212;&#8211; <\/p>\n","protected":false},"excerpt":{"rendered":"<p>Cont\u00e1ctanos con tus noticias de ciencia, publica gratis.Noticias de desarrollo tecnol\u00f3gico industrial, publicaci\u00f3n econ\u00f3mica. Whatsapp: +525516287944Email: editorial@ciencianews.in &#8212;&#8211;<\/p>\n","protected":false},"author":1,"featured_media":0,"parent":0,"menu_order":0,"comment_status":"closed","ping_status":"closed","template":"","meta":{"om_disable_all_campaigns":false,"_monsterinsights_skip_tracking":false,"_monsterinsights_sitenote_active":false,"_monsterinsights_sitenote_note":"","_monsterinsights_sitenote_category":0,"footnotes":""},"class_list":["post-18","page","type-page","status-publish","hentry"],"aioseo_notices":[],"_links":{"self":[{"href":"https:\/\/ciencianews.in\/index.php\/wp-json\/wp\/v2\/pages\/18","targetHints":{"allow":["GET"]}}],"collection":[{"href":"https:\/\/ciencianews.in\/index.php\/wp-json\/wp\/v2\/pages"}],"about":[{"href":"https:\/\/ciencianews.in\/index.php\/wp-json\/wp\/v2\/types\/page"}],"author":[{"embeddable":true,"href":"https:\/\/ciencianews.in\/index.php\/wp-json\/wp\/v2\/users\/1"}],"replies":[{"embeddable":true,"href":"https:\/\/ciencianews.in\/index.php\/wp-json\/wp\/v2\/comments?post=18"}],"version-history":[{"count":2,"href":"https:\/\/ciencianews.in\/index.php\/wp-json\/wp\/v2\/pages\/18\/revisions"}],"predecessor-version":[{"id":48,"href":"https:\/\/ciencianews.in\/index.php\/wp-json\/wp\/v2\/pages\/18\/revisions\/48"}],"wp:attachment":[{"href":"https:\/\/ciencianews.in\/index.php\/wp-json\/wp\/v2\/media?parent=18"}],"curies":[{"name":"wp","href":"https:\/\/api.w.org\/{rel}","templated":true}]}}